{"id":16202,"date":"2026-03-17T07:28:22","date_gmt":"2026-03-17T07:28:22","guid":{"rendered":"https:\/\/eliteperfumeshop.com\/?post_type=product&#038;p=16202"},"modified":"2026-03-17T07:29:01","modified_gmt":"2026-03-17T07:29:01","slug":"afnan-turathi-red-eau-de-parfum-per-donna-90ml","status":"publish","type":"product","link":"https:\/\/eliteperfumeshop.com\/it\/product\/afnan-turathi-red-eau-de-parfum-per-donna-90ml\/","title":{"rendered":"Afnan Turathi Red Eau De Parfum Per Donne 90ml"},"content":{"rendered":"<p>Turathi Red \u00e8 un profumo popolare di Afnan Perfumes<br \/> Caratteristiche della fragranza:<br \/> - Una fragranza che riflette la femminilit\u00e0.<br \/> - Una fragranza adatta a momenti speciali (intimi).<br \/> Informazioni sulla fragranza:<br \/> - Profumi originali<br \/> - Prodotto in U.A.E.<br \/> - Questa fragranza \u00e8 stata rilasciata nel 2023.<br \/> - Il profumo \u00e8 floreale-orientale.<br \/> Note di profumo :<br \/> Note di testa Rosa, Muschio e Note floreali\u00a0<br \/> Note di cuore Rosa, Gelsomino e Note di bosco<br \/> Note di fondo Peonia, Muschio e Albicocca.<br \/> Usi del profumo :<br \/> - Adatto per l'estate e la primavera.<br \/> - Consigliato per l'uso quotidiano e il lavoro.<br \/> Descrizione :<br \/> Turathi Red di Afnan \u00e8 una fragranza floreale per le donne. \u00c8 una nuova fragranza. Turathi Red \u00e8 stato lanciato nel 2023. Le note di testa sono Rosa, Muschio e Note Floreali; le note centrali sono Gelsomino, Rosa e Note Legnose; le note di fondo sono Peonia, Muschio e Albicocca.<br \/> \u00a0<\/p>","protected":false},"excerpt":{"rendered":"<p>Turathi Red is a popular perfume by Afnan Perfumes Fragrance features: \u2013 A fragrance that reflects femininity. \u2013 A fragrance<\/p>","protected":false},"featured_media":16262,"comment_status":"closed","ping_status":"closed","template":"","meta":[],"product_brand":[],"product_cat":[76],"product_tag":[],"class_list":{"0":"post-16202","1":"product","2":"type-product","3":"status-publish","4":"has-post-thumbnail","6":"product_cat-eau-de-parfum-french-avenue","8":"first","9":"instock","10":"shipping-taxable","11":"purchasable","12":"product-type-simple"},"_links":{"self":[{"href":"https:\/\/eliteperfumeshop.com\/it\/wp-json\/wp\/v2\/product\/16202","targetHints":{"allow":["GET"]}}],"collection":[{"href":"https:\/\/eliteperfumeshop.com\/it\/wp-json\/wp\/v2\/product"}],"about":[{"href":"https:\/\/eliteperfumeshop.com\/it\/wp-json\/wp\/v2\/types\/product"}],"replies":[{"embeddable":true,"href":"https:\/\/eliteperfumeshop.com\/it\/wp-json\/wp\/v2\/comments?post=16202"}],"version-history":[{"count":1,"href":"https:\/\/eliteperfumeshop.com\/it\/wp-json\/wp\/v2\/product\/16202\/revisions"}],"predecessor-version":[{"id":16263,"href":"https:\/\/eliteperfumeshop.com\/it\/wp-json\/wp\/v2\/product\/16202\/revisions\/16263"}],"wp:featuredmedia":[{"embeddable":true,"href":"https:\/\/eliteperfumeshop.com\/it\/wp-json\/wp\/v2\/media\/16262"}],"wp:attachment":[{"href":"https:\/\/eliteperfumeshop.com\/it\/wp-json\/wp\/v2\/media?parent=16202"}],"wp:term":[{"taxonomy":"product_brand","embeddable":true,"href":"https:\/\/eliteperfumeshop.com\/it\/wp-json\/wp\/v2\/product_brand?post=16202"},{"taxonomy":"product_cat","embeddable":true,"href":"https:\/\/eliteperfumeshop.com\/it\/wp-json\/wp\/v2\/product_cat?post=16202"},{"taxonomy":"product_tag","embeddable":true,"href":"https:\/\/eliteperfumeshop.com\/it\/wp-json\/wp\/v2\/product_tag?post=16202"}],"curies":[{"name":"wp","href":"https:\/\/api.w.org\/{rel}","templated":true}]}}