{"id":16525,"date":"2026-03-17T07:30:13","date_gmt":"2026-03-17T07:30:13","guid":{"rendered":"https:\/\/eliteperfumeshop.com\/?post_type=product&#038;p=16525"},"modified":"2026-03-17T07:30:14","modified_gmt":"2026-03-17T07:30:14","slug":"paul-sebastian-cologne","status":"publish","type":"product","link":"https:\/\/eliteperfumeshop.com\/fr\/product\/paul-sebastian-cologne\/","title":{"rendered":"Paul Sebastian Cologne"},"content":{"rendered":"<h2>About <a href=\"https:\/\/perfumeatuse.com\/product\/paul-sebastian-cologne\/\" target=\"_blank\" rel=\"noopener\">Paul Sebastian Cologne<\/a><\/h2>\n<p><a href=\"https:\/\/perfumeatuse.com\/product\/paul-sebastian-cologne\/\" target=\"_blank\" rel=\"noopener\">Paul Sebastian Fine Cologne<\/a> for men is a botanic and masculine fragrance for men created in 1979 behind perfumers <a href=\"https:\/\/perfumeatuse.com\/product\/paul-sebastian-cologne\/\" target=\"_blank\" rel=\"noopener\">Leonard Paul Cuozzo and Alan Sebastian Greco<\/a>. Designed as subtle yet aromatic fragrance, <a href=\"https:\/\/perfumeatuse.com\/product\/paul-sebastian-cologne\/\" target=\"_blank\" rel=\"noopener\">PS Fine Cologne<\/a> is a delightful blend of delicate floral scents and earthy base notes and is one of the most iconic of <a href=\"https:\/\/perfumeatuse.com\/product\/paul-sebastian-cologne\/\" target=\"_blank\" rel=\"noopener\">Paul Sebastian fragrances<\/a>. The Paul Sebastian design house exudes class and sophistication from each bottle to the skin.<br \/> Experience classic sophistication with <a href=\"https:\/\/perfumeatuse.com\/product\/paul-sebastian-cologne\/\" target=\"_blank\" rel=\"noopener\"><strong data-start=\"152\" data-end=\"178\">Paul Sebastian Cologne<\/strong><\/a>, a timeless fragrance crafted for men who appreciate smooth, refined scents. This <a href=\"https:\/\/www.walgreens.com\/\" target=\"_blank\" rel=\"noopener\">elegant blend<\/a> opens with warm citrus and aromatic spices that create an inviting first impression. <a href=\"https:\/\/www.macys.com\/\" target=\"_blank\" rel=\"noopener\">Rich floral<\/a>\u00a0notes add depth, while a base of musk and amber delivers a long-lasting, masculine finish. Perfect for daily wear or special occasions, this versatile <a href=\"https:\/\/www.samsclub.com\/\" target=\"_blank\" rel=\"noopener\">fragrance<\/a> offers a confident yet understated charm. Whether you\u2019re dressing for work or an evening out, its balanced aroma enhances your style effortlessly. Add this enduring classic to your collection for a touch of everyday elegance.<\/p>\n<h4><a href=\"https:\/\/www.macys.com\/\" target=\"_blank\" rel=\"noopener\">Fragrance Family<\/a>:<\/h4>\n<p>Fresh<\/p>\n<h4>Type de parfum :<\/h4>\n<p>Aromatic, spicy<\/p>\n<h4>Notes :<\/h4>\n<p>Opening notes include inviting whiffs of lavender, warm nutmeg. Following the top notes are delicate hints of <a href=\"https:\/\/www.fragrancenet.com\/\" target=\"_blank\" rel=\"noopener\">floral jasmine<\/a>, geranium and rose followed by <a href=\"https:\/\/www.fragrancenet.com\/\" target=\"_blank\" rel=\"noopener\">ylang-ylang<\/a>, cloves and a mix of spice. At the base of this scent, you\u2019ll find earthy tones of patchouli, oakmoss, amber and musk.<\/p>\n<h4>Utilisation sugg\u00e9r\u00e9e<\/h4>\n<p>Pour obtenir un parfum durable que vous pourrez porter tout au long de la journ\u00e9e et pour minimiser la n\u00e9cessit\u00e9 de renouveler l'application, concentrez-vous sur les points de pulsation derri\u00e8re les oreilles, \u00e0 la base du cou et sur les poignets, ainsi que sur les zones plus chaudes du corps, telles que derri\u00e8re les genoux et \u00e0 l'int\u00e9rieur du coude. Ce sont les meilleurs endroits pour appliquer votre parfum, car la senteur s'intensifie gr\u00e2ce \u00e0 la chaleur de votre corps.<\/p>","protected":false},"excerpt":{"rendered":"<h2>About Paul Sebastian<\/h2>\n<p>Paul Sebastian Fine Cologne for men is a botanic and masculine fragrance for men created in 1979 behind perfumers Leonard Paul Cuozzo and Alan Sebastian Greco. Designed as subtle yet aromatic fragrance, PS Fine Cologne is a delightful blend of delicate floral scents and earthy base notes and is one of the most iconic of Paul Sebastian fragrances. The Paul Sebastian design house exudes class and sophistication from each bottle to the skin.<\/p>","protected":false},"featured_media":16542,"comment_status":"closed","ping_status":"closed","template":"","meta":[],"product_brand":[],"product_cat":[75],"product_tag":[],"class_list":{"0":"post-16525","1":"product","2":"type-product","3":"status-publish","4":"has-post-thumbnail","6":"product_cat-mens-cologne","8":"first","9":"instock","10":"sale","11":"shipping-taxable","12":"purchasable","13":"product-type-simple"},"_links":{"self":[{"href":"https:\/\/eliteperfumeshop.com\/fr\/wp-json\/wp\/v2\/product\/16525","targetHints":{"allow":["GET"]}}],"collection":[{"href":"https:\/\/eliteperfumeshop.com\/fr\/wp-json\/wp\/v2\/product"}],"about":[{"href":"https:\/\/eliteperfumeshop.com\/fr\/wp-json\/wp\/v2\/types\/product"}],"replies":[{"embeddable":true,"href":"https:\/\/eliteperfumeshop.com\/fr\/wp-json\/wp\/v2\/comments?post=16525"}],"version-history":[{"count":1,"href":"https:\/\/eliteperfumeshop.com\/fr\/wp-json\/wp\/v2\/product\/16525\/revisions"}],"predecessor-version":[{"id":16543,"href":"https:\/\/eliteperfumeshop.com\/fr\/wp-json\/wp\/v2\/product\/16525\/revisions\/16543"}],"wp:featuredmedia":[{"embeddable":true,"href":"https:\/\/eliteperfumeshop.com\/fr\/wp-json\/wp\/v2\/media\/16542"}],"wp:attachment":[{"href":"https:\/\/eliteperfumeshop.com\/fr\/wp-json\/wp\/v2\/media?parent=16525"}],"wp:term":[{"taxonomy":"product_brand","embeddable":true,"href":"https:\/\/eliteperfumeshop.com\/fr\/wp-json\/wp\/v2\/product_brand?post=16525"},{"taxonomy":"product_cat","embeddable":true,"href":"https:\/\/eliteperfumeshop.com\/fr\/wp-json\/wp\/v2\/product_cat?post=16525"},{"taxonomy":"product_tag","embeddable":true,"href":"https:\/\/eliteperfumeshop.com\/fr\/wp-json\/wp\/v2\/product_tag?post=16525"}],"curies":[{"name":"wp","href":"https:\/\/api.w.org\/{rel}","templated":true}]}}