{"id":16457,"date":"2026-03-17T07:29:54","date_gmt":"2026-03-17T07:29:54","guid":{"rendered":"https:\/\/eliteperfumeshop.com\/?post_type=product&#038;p=16457"},"modified":"2026-03-17T07:30:06","modified_gmt":"2026-03-17T07:30:06","slug":"eternity-cologne","status":"publish","type":"product","link":"https:\/\/eliteperfumeshop.com\/fr\/product\/eternity-cologne\/","title":{"rendered":"Eternity Cologne"},"content":{"rendered":"<h2>About Eternity<\/h2>\n<p>Designed in Spain in 1990, Eternity cologne is a strong, floral fragrance that can be worn all day long. This fragrance has been a fan favorite for over 30 years. It\u2019s no wonder it was named \u201cEternity\u201d\u2013you can wear it every day and still feel as hypnotized as you were the day you first experienced it!<\/p>\n<p>Calvin Klein Eternity comes packaged in a simple but striking glass bottle with a silver-toned lid. You can buy Eternity cologne from FragranceX in the form of a eau de toilette or eau de parfum spray. The Eau de parfum spray only comes in a 6.7 oz bottle, but the eau de toilette spray comes in bottle sizes ranging from 1 oz to 6.7 oz. If you can\u2019t get enough of the scent or buy this fragrance as a gift for someone else, consider purchasing a deodorant stick, aftershave, and aftershave balm, all with the same alluring Eternity scent. An aromatic Fougere fragrance, The Eternity Cologne for men is meant for any occasion, making it memorable and timeless!<\/p>\n<h4>Famille de parfums :<\/h4>\n<p>Aromatic, Fougere<\/p>\n<h4>Type de parfum :<\/h4>\n<p>Intense, citrus<\/p>\n<h4>Notes :<\/h4>\n<p>Calvin Klein Eternity brightly opens up with zesty notes of Mandarin orange, lemon, bergamot, and soothing lavender. The heart carries soulful notes of sage, juniper berries, coriander, basil, and geranium with a floral touch of jasmine, lily, orange blossom, and lily-of-the-valley. The Eternity cologne settles down on your skin with the warm undercurrents of Brazilian rosewood, musk, vetiver, sandalwood, and amber. Refreshing, warm, and distinct, this is a fragrance definitely worth adding to your collection.<\/p>\n<h4>Utilisation sugg\u00e9r\u00e9e<\/h4>\n<p>Pour obtenir un parfum durable que vous pourrez porter tout au long de la journ\u00e9e et pour minimiser la n\u00e9cessit\u00e9 de renouveler l'application, concentrez-vous sur les points de pulsation derri\u00e8re les oreilles, \u00e0 la base du cou et sur les poignets, ainsi que sur les zones plus chaudes du corps, telles que derri\u00e8re les genoux et \u00e0 l'int\u00e9rieur du coude. Ce sont les meilleurs endroits pour appliquer votre parfum, car la senteur s'intensifie gr\u00e2ce \u00e0 la chaleur de votre corps.<\/p>","protected":false},"excerpt":{"rendered":"<h2>About Eternity<\/h2>\n<p>Designed in Spain in 1990, Eternity cologne is a strong, floral fragrance that can be worn all day long. This fragrance has been a fan favorite for over 30 years. It\u2019s no wonder it was named \u201cEternity\u201d\u2013you can wear it every day and still feel as hypnotized as you were the day you first experienced it!<\/p>\n<p>Calvin Klein Eternity comes packaged in a simple but striking glass bottle with a silver-toned lid. You can buy Eternity cologne from FragranceX in the form of a eau de toilette or eau de parfum spray.<\/p>","protected":false},"featured_media":16505,"comment_status":"closed","ping_status":"closed","template":"","meta":[],"product_brand":[],"product_cat":[75],"product_tag":[],"class_list":{"0":"post-16457","1":"product","2":"type-product","3":"status-publish","4":"has-post-thumbnail","6":"product_cat-mens-cologne","8":"first","9":"instock","10":"sale","11":"shipping-taxable","12":"purchasable","13":"product-type-simple"},"_links":{"self":[{"href":"https:\/\/eliteperfumeshop.com\/fr\/wp-json\/wp\/v2\/product\/16457","targetHints":{"allow":["GET"]}}],"collection":[{"href":"https:\/\/eliteperfumeshop.com\/fr\/wp-json\/wp\/v2\/product"}],"about":[{"href":"https:\/\/eliteperfumeshop.com\/fr\/wp-json\/wp\/v2\/types\/product"}],"replies":[{"embeddable":true,"href":"https:\/\/eliteperfumeshop.com\/fr\/wp-json\/wp\/v2\/comments?post=16457"}],"version-history":[{"count":1,"href":"https:\/\/eliteperfumeshop.com\/fr\/wp-json\/wp\/v2\/product\/16457\/revisions"}],"predecessor-version":[{"id":16506,"href":"https:\/\/eliteperfumeshop.com\/fr\/wp-json\/wp\/v2\/product\/16457\/revisions\/16506"}],"wp:featuredmedia":[{"embeddable":true,"href":"https:\/\/eliteperfumeshop.com\/fr\/wp-json\/wp\/v2\/media\/16505"}],"wp:attachment":[{"href":"https:\/\/eliteperfumeshop.com\/fr\/wp-json\/wp\/v2\/media?parent=16457"}],"wp:term":[{"taxonomy":"product_brand","embeddable":true,"href":"https:\/\/eliteperfumeshop.com\/fr\/wp-json\/wp\/v2\/product_brand?post=16457"},{"taxonomy":"product_cat","embeddable":true,"href":"https:\/\/eliteperfumeshop.com\/fr\/wp-json\/wp\/v2\/product_cat?post=16457"},{"taxonomy":"product_tag","embeddable":true,"href":"https:\/\/eliteperfumeshop.com\/fr\/wp-json\/wp\/v2\/product_tag?post=16457"}],"curies":[{"name":"wp","href":"https:\/\/api.w.org\/{rel}","templated":true}]}}