{"id":16456,"date":"2026-03-17T07:29:53","date_gmt":"2026-03-17T07:29:53","guid":{"rendered":"https:\/\/eliteperfumeshop.com\/?post_type=product&#038;p=16456"},"modified":"2026-03-17T07:30:05","modified_gmt":"2026-03-17T07:30:05","slug":"drakkar-noir-cologne","status":"publish","type":"product","link":"https:\/\/eliteperfumeshop.com\/fr\/product\/drakkar-noir-cologne\/","title":{"rendered":"Drakkar Noir Cologne"},"content":{"rendered":"<h2>About Drakkar Noir<\/h2>\n<p>Guy Laroche Drakkar Noir cologne is a well-balanced blend of earthy, citrusy, woody and green notes that\u2019s one of the most popular fragrances on the market. Notes of artemisia, basil, bergamot, rosemary, lemon verbena, and lavender form the opening of Drakkar Noir by Guy Laroche eau de toilette spray. The heart notes add a warm spiciness with jasmine, juniper, coriander, carnation, and cinnamon, and they\u2019re supported by a base of sandalwood, vetiver, amber, cedar, leather, oakmoss, fir, and patchouli. Drakkar Noir body spray is suitable for day or nighttime wear at any time of the year, and you can buy this authentic designer cologne at a discount price with FragranceX.<\/p>\n<h4>Famille de parfums :<\/h4>\n<p>Aromatic Fougere<\/p>\n<h4>Type de parfum :<\/h4>\n<p>Spicy, leathery and intense<\/p>\n<h4>Notes :<\/h4>\n<p>Drakkar Noir is an aromatic fragrance experience. Crisp citrus top notes of lemon and bergamot mingle with spicy mint, rosemary, lavender, mint, artemisia and basil accords. The middle notes take center stage with tangy cinnamon, coriander and wormwood that partner with floral notes of jasmine and carnation. The finishing touches include evergreen base notes of oak moss and soothing amber, cedar, patchouli and leather accords.<\/p>\n<h4>Utilisation sugg\u00e9r\u00e9e<\/h4>\n<p>Pour obtenir un parfum durable que vous pourrez porter tout au long de la journ\u00e9e et pour minimiser la n\u00e9cessit\u00e9 de renouveler l'application, concentrez-vous sur les points de pulsation derri\u00e8re les oreilles, \u00e0 la base du cou et sur les poignets, ainsi que sur les zones plus chaudes du corps, telles que derri\u00e8re les genoux et \u00e0 l'int\u00e9rieur du coude. Ce sont les meilleurs endroits pour appliquer votre parfum, car la senteur s'intensifie gr\u00e2ce \u00e0 la chaleur de votre corps.<\/p>","protected":false},"excerpt":{"rendered":"<h2>About Drakkar Noir<\/h2>\n<p>Guy Laroche Drakkar Noir cologne is a well-balanced blend of earthy, citrusy, woody and green notes that\u2019s one of the most popular fragrances on the market. Notes of artemisia, basil, bergamot, rosemary, lemon verbena, and lavender form the opening of Drakkar Noir by Guy Laroche eau de toilette spray.<\/p>","protected":false},"featured_media":16503,"comment_status":"closed","ping_status":"closed","template":"","meta":[],"product_brand":[],"product_cat":[75],"product_tag":[],"class_list":{"0":"post-16456","1":"product","2":"type-product","3":"status-publish","4":"has-post-thumbnail","6":"product_cat-mens-cologne","8":"first","9":"instock","10":"sale","11":"shipping-taxable","12":"purchasable","13":"product-type-simple"},"_links":{"self":[{"href":"https:\/\/eliteperfumeshop.com\/fr\/wp-json\/wp\/v2\/product\/16456","targetHints":{"allow":["GET"]}}],"collection":[{"href":"https:\/\/eliteperfumeshop.com\/fr\/wp-json\/wp\/v2\/product"}],"about":[{"href":"https:\/\/eliteperfumeshop.com\/fr\/wp-json\/wp\/v2\/types\/product"}],"replies":[{"embeddable":true,"href":"https:\/\/eliteperfumeshop.com\/fr\/wp-json\/wp\/v2\/comments?post=16456"}],"version-history":[{"count":1,"href":"https:\/\/eliteperfumeshop.com\/fr\/wp-json\/wp\/v2\/product\/16456\/revisions"}],"predecessor-version":[{"id":16504,"href":"https:\/\/eliteperfumeshop.com\/fr\/wp-json\/wp\/v2\/product\/16456\/revisions\/16504"}],"wp:featuredmedia":[{"embeddable":true,"href":"https:\/\/eliteperfumeshop.com\/fr\/wp-json\/wp\/v2\/media\/16503"}],"wp:attachment":[{"href":"https:\/\/eliteperfumeshop.com\/fr\/wp-json\/wp\/v2\/media?parent=16456"}],"wp:term":[{"taxonomy":"product_brand","embeddable":true,"href":"https:\/\/eliteperfumeshop.com\/fr\/wp-json\/wp\/v2\/product_brand?post=16456"},{"taxonomy":"product_cat","embeddable":true,"href":"https:\/\/eliteperfumeshop.com\/fr\/wp-json\/wp\/v2\/product_cat?post=16456"},{"taxonomy":"product_tag","embeddable":true,"href":"https:\/\/eliteperfumeshop.com\/fr\/wp-json\/wp\/v2\/product_tag?post=16456"}],"curies":[{"name":"wp","href":"https:\/\/api.w.org\/{rel}","templated":true}]}}