{"id":16454,"date":"2026-03-17T07:29:53","date_gmt":"2026-03-17T07:29:53","guid":{"rendered":"https:\/\/eliteperfumeshop.com\/?post_type=product&#038;p=16454"},"modified":"2026-03-17T07:30:04","modified_gmt":"2026-03-17T07:30:04","slug":"aramis-cologne","status":"publish","type":"product","link":"https:\/\/eliteperfumeshop.com\/fr\/product\/aramis-cologne\/","title":{"rendered":"Aramis Cologne"},"content":{"rendered":"<h2>About Aramis<\/h2>\n<p>Aramis Cologne for men by Aramis is an aromatic woody fragrance for men that was first released in 1966. This memorable, masculine fragrance was designed by perfumer Bernard Chant. With rugged leather and woody accords throughout the formula, it\u2019s no wonder this scent has remained a classic.<\/p>\n<h4>Famille de parfums :<\/h4>\n<p>Woody<\/p>\n<h4>Type de parfum :<\/h4>\n<p>Aromatic, chypre, leathery, warm spicy, amber<\/p>\n<h4>Notes :<\/h4>\n<p>For decades, Aramis cologne has remained an iconic fragrance for men. The scent harbors unforgettable aromatic accords of fresh, earthy florals and herbs. The sharp opening settles into a warm base of woods and amber with a dominant, indelible leather note.<\/p>\n<h4>Utilisation sugg\u00e9r\u00e9e<\/h4>\n<p>Pour obtenir un parfum durable que vous pourrez porter tout au long de la journ\u00e9e et pour minimiser la n\u00e9cessit\u00e9 de renouveler l'application, concentrez-vous sur les points de pulsation derri\u00e8re les oreilles, \u00e0 la base du cou et sur les poignets, ainsi que sur les zones plus chaudes du corps, telles que derri\u00e8re les genoux et \u00e0 l'int\u00e9rieur du coude. Ce sont les meilleurs endroits pour appliquer votre parfum, car la senteur s'intensifie gr\u00e2ce \u00e0 la chaleur de votre corps.<\/p>","protected":false},"excerpt":{"rendered":"<h2>About Aramis<\/h2>\n<p>Aramis Cologne for men by Aramis is an aromatic woody fragrance for men that was first released in 1966. This memorable, masculine fragrance was designed by perfumer Bernard Chant. With rugged leather and woody accords throughout the formula, it\u2019s no wonder this scent has remained a classic.<\/p>","protected":false},"featured_media":16499,"comment_status":"closed","ping_status":"closed","template":"","meta":[],"product_brand":[],"product_cat":[75],"product_tag":[],"class_list":{"0":"post-16454","1":"product","2":"type-product","3":"status-publish","4":"has-post-thumbnail","6":"product_cat-mens-cologne","8":"first","9":"instock","10":"sale","11":"shipping-taxable","12":"purchasable","13":"product-type-simple"},"_links":{"self":[{"href":"https:\/\/eliteperfumeshop.com\/fr\/wp-json\/wp\/v2\/product\/16454","targetHints":{"allow":["GET"]}}],"collection":[{"href":"https:\/\/eliteperfumeshop.com\/fr\/wp-json\/wp\/v2\/product"}],"about":[{"href":"https:\/\/eliteperfumeshop.com\/fr\/wp-json\/wp\/v2\/types\/product"}],"replies":[{"embeddable":true,"href":"https:\/\/eliteperfumeshop.com\/fr\/wp-json\/wp\/v2\/comments?post=16454"}],"version-history":[{"count":1,"href":"https:\/\/eliteperfumeshop.com\/fr\/wp-json\/wp\/v2\/product\/16454\/revisions"}],"predecessor-version":[{"id":16500,"href":"https:\/\/eliteperfumeshop.com\/fr\/wp-json\/wp\/v2\/product\/16454\/revisions\/16500"}],"wp:featuredmedia":[{"embeddable":true,"href":"https:\/\/eliteperfumeshop.com\/fr\/wp-json\/wp\/v2\/media\/16499"}],"wp:attachment":[{"href":"https:\/\/eliteperfumeshop.com\/fr\/wp-json\/wp\/v2\/media?parent=16454"}],"wp:term":[{"taxonomy":"product_brand","embeddable":true,"href":"https:\/\/eliteperfumeshop.com\/fr\/wp-json\/wp\/v2\/product_brand?post=16454"},{"taxonomy":"product_cat","embeddable":true,"href":"https:\/\/eliteperfumeshop.com\/fr\/wp-json\/wp\/v2\/product_cat?post=16454"},{"taxonomy":"product_tag","embeddable":true,"href":"https:\/\/eliteperfumeshop.com\/fr\/wp-json\/wp\/v2\/product_tag?post=16454"}],"curies":[{"name":"wp","href":"https:\/\/api.w.org\/{rel}","templated":true}]}}