{"id":16453,"date":"2026-03-17T07:29:53","date_gmt":"2026-03-17T07:29:53","guid":{"rendered":"https:\/\/eliteperfumeshop.com\/?post_type=product&#038;p=16453"},"modified":"2026-03-17T07:30:03","modified_gmt":"2026-03-17T07:30:03","slug":"acqua-di-gio-cologne","status":"publish","type":"product","link":"https:\/\/eliteperfumeshop.com\/fr\/product\/acqua-di-gio-cologne\/","title":{"rendered":"Acqua Di Gio Cologne"},"content":{"rendered":"<h2>\u00c0 propos d'Acqua Di Gio<\/h2>\n<p>Lanc\u00e9 en 1995 par le g\u00e9ant de la mode <a href=\"https:\/\/perfumeatuse.com\/product\/acqua-di-gio-cologne\/\" target=\"_blank\" rel=\"noopener\">Giorgio Armani, Acqua Di Gio Cologne<\/a> est un parfum aquatique aromatique d\u00e9licieusement rafra\u00eechissant. Avec une seule bouff\u00e9e d'Acqua Di Gio, vous penserez que vous venez de <a href=\"http:\/\/google.com\" target=\"_blank\" rel=\"noopener\">a \u00e9merg\u00e9<\/a> d'une baignade rafra\u00eechissante dans les eaux bleues de l'oc\u00e9an, la ros\u00e9e fra\u00eeche s'accrochant l\u00e9g\u00e8rement \u00e0 votre peau. Le parfum original de <a href=\"https:\/\/perfumeatuse.com\/product\/acqua-di-gio-cologne\/\" target=\"_blank\" rel=\"noopener\">Acqua Di Gio Cologne<\/a> a r\u00e9sist\u00e9 \u00e0 l'\u00e9preuve du temps, captivant ceux qui le portent par sa composition \u00e0 la fois intense et invitante. Il rappelle l'interaction intrigante entre les deux. <a href=\"https:\/\/perfumeatuse.com\/product\/acqua-di-gio-cologne\/\" target=\"_blank\" rel=\"noopener\">entre l'eau et<\/a> o\u00f9 la brise sal\u00e9e se m\u00eale \u00e0 la verdure luxuriante. Ce parfum sensuel laisse une impression durable, car son m\u00e9lange int\u00e9ressant de notes marines et d'\u00e9l\u00e9ments aromatiques cr\u00e9e une exp\u00e9rience harmonieuse et captivante pour les sens.<\/p>\n<h4>Famille de parfums :<\/h4>\n<p>C\u00e8dre<\/p>\n<h4>Type de parfum :<\/h4>\n<p>Agrumes, marin, frais<\/p>\n<h4>Notes :<\/h4>\n<p>Vous serez accueillie par des notes de t\u00eate fra\u00eeches et s\u00e9duisantes de citron vert, de citron, de bergamote, de jasmin, d'orange, de mandarine et de n\u00e9roli, suivies par des notes de c\u0153ur juteuses de p\u00eache, de freesia, de romarin, de violette, de rose et de noix de muscade. Les notes de fond terreuses de musc blanc, de c\u00e8dre, de mousse de ch\u00eane, de patchouli et d'ambre soutiennent ce parfum \u00e0 la fois l\u00e9ger et masculin. Ces notes de parfum se m\u00e9langent merveilleusement pour cr\u00e9er un parfum masculin frais qui ne manquera pas de s\u00e9duire et de ravir les sens.<\/p>\n<h4>Utilisation sugg\u00e9r\u00e9e<\/h4>\n<p>Pour obtenir un parfum durable que vous pourrez porter tout au long de la journ\u00e9e et pour minimiser la n\u00e9cessit\u00e9 de renouveler l'application, concentrez-vous sur les points de pulsation derri\u00e8re les oreilles, \u00e0 la base du cou et sur les poignets, ainsi que sur les zones plus chaudes du corps, telles que derri\u00e8re les genoux et \u00e0 l'int\u00e9rieur du coude. Ce sont les meilleurs endroits pour appliquer votre parfum, car la senteur s'intensifie gr\u00e2ce \u00e0 la chaleur de votre corps.<\/p>","protected":false},"excerpt":{"rendered":"<h2>\u00c0 propos d'Acqua Di Gio<\/h2>\n<p>Launched in 1995 by fashion powerhouse Giorgio Armani, Acqua Di Gio Cologne is a delightfully refreshing aromatic aquatic scent. With one whiff of Acqua Di Gio, you\u2019ll think you\u2019ve just emerged from a cool swim in blue ocean waters with fresh dew clinging lightly to your skin. The original scent of Acqua Di Gio Cologne has stood the test of time, captivating wearers with its intense yet inviting composition. It reminds one of the intriguing interplay between water and land, where the salty breeze mingles with lush greenery. This sensual fragrance leaves a lasting impression, as its interesting blend of sea notes and aromatic elements creates a harmonious and captivating experience for the senses.<\/p>","protected":false},"featured_media":16497,"comment_status":"closed","ping_status":"closed","template":"","meta":[],"product_brand":[],"product_cat":[75],"product_tag":[],"class_list":{"0":"post-16453","1":"product","2":"type-product","3":"status-publish","4":"has-post-thumbnail","6":"product_cat-mens-cologne","8":"first","9":"instock","10":"sale","11":"shipping-taxable","12":"purchasable","13":"product-type-simple"},"_links":{"self":[{"href":"https:\/\/eliteperfumeshop.com\/fr\/wp-json\/wp\/v2\/product\/16453","targetHints":{"allow":["GET"]}}],"collection":[{"href":"https:\/\/eliteperfumeshop.com\/fr\/wp-json\/wp\/v2\/product"}],"about":[{"href":"https:\/\/eliteperfumeshop.com\/fr\/wp-json\/wp\/v2\/types\/product"}],"replies":[{"embeddable":true,"href":"https:\/\/eliteperfumeshop.com\/fr\/wp-json\/wp\/v2\/comments?post=16453"}],"version-history":[{"count":1,"href":"https:\/\/eliteperfumeshop.com\/fr\/wp-json\/wp\/v2\/product\/16453\/revisions"}],"predecessor-version":[{"id":16498,"href":"https:\/\/eliteperfumeshop.com\/fr\/wp-json\/wp\/v2\/product\/16453\/revisions\/16498"}],"wp:featuredmedia":[{"embeddable":true,"href":"https:\/\/eliteperfumeshop.com\/fr\/wp-json\/wp\/v2\/media\/16497"}],"wp:attachment":[{"href":"https:\/\/eliteperfumeshop.com\/fr\/wp-json\/wp\/v2\/media?parent=16453"}],"wp:term":[{"taxonomy":"product_brand","embeddable":true,"href":"https:\/\/eliteperfumeshop.com\/fr\/wp-json\/wp\/v2\/product_brand?post=16453"},{"taxonomy":"product_cat","embeddable":true,"href":"https:\/\/eliteperfumeshop.com\/fr\/wp-json\/wp\/v2\/product_cat?post=16453"},{"taxonomy":"product_tag","embeddable":true,"href":"https:\/\/eliteperfumeshop.com\/fr\/wp-json\/wp\/v2\/product_tag?post=16453"}],"curies":[{"name":"wp","href":"https:\/\/api.w.org\/{rel}","templated":true}]}}