{"id":16529,"date":"2026-03-17T07:30:13","date_gmt":"2026-03-17T07:30:13","guid":{"rendered":"https:\/\/eliteperfumeshop.com\/?post_type=product&#038;p=16529"},"modified":"2026-03-17T07:30:16","modified_gmt":"2026-03-17T07:30:16","slug":"valentino-uomo-born-in-roma-colonia","status":"publish","type":"product","link":"https:\/\/eliteperfumeshop.com\/es\/product\/valentino-uomo-born-in-roma-colonia\/","title":{"rendered":"Valentino Uomo Born In Roma Colonia"},"content":{"rendered":"<h2>Acerca de <a href=\"https:\/\/perfumeatuse.com\/product\/valentino-uomo-born-in-roma-cologne\/\" target=\"_blank\" rel=\"noopener\">Valentino Uomo Nacido En Roma<\/a><\/h2>\n<p><a href=\"https:\/\/perfumeatuse.com\/product\/valentino-uomo-born-in-roma-cologne\/\" target=\"_blank\" rel=\"noopener\">Colonia Valentino Uomo Born In Roma de Valentino<\/a> es una fragancia exquisita que encierra la <a href=\"https:\/\/www.valentino.com\/\" target=\"_blank\" rel=\"noopener\">dualidad de lujo y modernidad<\/a>, celebrando la individualidad y la creatividad. Lanzada en 2019, esta eau de toilette se hace eco del patrimonio art\u00edstico y el esp\u00edritu rebelde de Roma, la ciudad eterna. <a href=\"https:\/\/www.sephora.com\/\" target=\"_blank\" rel=\"noopener\">Nacido en Roma<\/a> invita al usuario a experimentar un cautivador contraste de clasicismo y sofisticaci\u00f3n. Un b\u00e1sico en la colecci\u00f3n de cualquier caballero contempor\u00e1neo.<\/p>\n<h4><a href=\"https:\/\/perfumeatuse.com\/product\/valentino-uomo-born-in-roma-cologne\/\" target=\"_blank\" rel=\"noopener\">Familia olfativa<\/a>:<\/h4>\n<p>Arom\u00e1tico Amaderado<\/p>\n<h4>Tipo de aroma:<\/h4>\n<p>Picante, terroso, fresco<\/p>\n<h4>Notas:<\/h4>\n<p><a href=\"https:\/\/perfumeatuse.com\/product\/valentino-uomo-born-in-roma-cologne\/\" target=\"_blank\" rel=\"noopener\">Valentino Uomo Nacido En Roma<\/a> comienza con un estallido electrizante de vibrantes hojas de violeta y notas minerales saladas, que invocan una sensaci\u00f3n de frescor e intriga. El coraz\u00f3n late con un <a href=\"https:\/\/www.macys.com\/\" target=\"_blank\" rel=\"noopener\">sofisticada mezcla de salvia arom\u00e1tica y vetiver ahumado<\/a>, Aporta una profundidad terrosa y una elegancia agreste a la fragancia. A medida que la fragancia se asienta, la base desvela una sensual estela de c\u00e1lida y cremosa madera de guayaco. Resuena con intensidad masculina y un toque de misterio.<\/p>\n<h4>Sugerencias de uso<\/h4>\n<p>Para abrazar plenamente el encanto de <a href=\"https:\/\/perfumeatuse.com\/product\/valentino-uomo-born-in-roma-cologne\/\" target=\"_blank\" rel=\"noopener\">Valentino Uomo Nacido En Roma<\/a>, Aplicar la fragancia sobre la piel caliente, especialmente en los puntos de pulso, como las mu\u00f1ecas, el cuello y detr\u00e1s de las orejas. Esto aumentar\u00e1 su longevidad y permitir\u00e1 que las complejidades arom\u00e1ticas evolucionen con gracia a lo largo del d\u00eda. Ideal para cualquier ocasi\u00f3n, se adapta tanto a las aventuras diurnas como a los sofisticados eventos nocturnos, dejando siempre una impresi\u00f3n inolvidable.<\/p>\n<p>Descubra la atrevida elegancia de <a href=\"https:\/\/www.valentino-beauty.us\/\" target=\"_blank\" rel=\"noopener\"><strong data-start=\"131\" data-end=\"170\">Valentino Uomo Born In Roma Colonia<\/strong><\/a>, Una fragancia moderna creada para hombres que valoran el estilo y la confianza. Esta fragancia se abre con vibrantes notas minerales y jengibre picante, <a href=\"https:\/\/www.sephora.com\/\" target=\"_blank\" rel=\"noopener\">equilibrado con salvia arom\u00e1tica para una sensaci\u00f3n fresca y en\u00e9rgica<\/a>. Una c\u00e1lida mezcla de vetiver y maderas ahumadas a\u00f1ade profundidad, haci\u00e9ndola perfecta para llevar a diario o para noches especiales. Su f\u00f3rmula de larga duraci\u00f3n le garantiza frescura y refinamiento durante todo el d\u00eda. Elija esta cautivadora colonia para elevar su colecci\u00f3n de fragancias con sofisticaci\u00f3n y actitud italiana contempor\u00e1nea.<\/p>","protected":false},"excerpt":{"rendered":"<h2>About Valentino Uomo Born In Roma<\/h2>\n<p>Valentino Uomo Born In Roma by Valentino is an exquisite fragrance that encapsulates the duality of luxury and modernity, celebrating individuality and creativity. Launched in 2019, this eau de toilette echoes the artistic heritage and rebellious spirit of Rome, the eternal city. Born In Roma invites the wearer to experience a captivating contrast of classicism and edgy sophistication, making it a staple in any contemporary gentleman\u2019s collection.<\/p>","protected":false},"featured_media":16550,"comment_status":"closed","ping_status":"closed","template":"","meta":[],"product_brand":[],"product_cat":[75],"product_tag":[],"class_list":{"0":"post-16529","1":"product","2":"type-product","3":"status-publish","4":"has-post-thumbnail","6":"product_cat-mens-cologne","8":"first","9":"instock","10":"sale","11":"shipping-taxable","12":"purchasable","13":"product-type-simple"},"_links":{"self":[{"href":"https:\/\/eliteperfumeshop.com\/es\/wp-json\/wp\/v2\/product\/16529","targetHints":{"allow":["GET"]}}],"collection":[{"href":"https:\/\/eliteperfumeshop.com\/es\/wp-json\/wp\/v2\/product"}],"about":[{"href":"https:\/\/eliteperfumeshop.com\/es\/wp-json\/wp\/v2\/types\/product"}],"replies":[{"embeddable":true,"href":"https:\/\/eliteperfumeshop.com\/es\/wp-json\/wp\/v2\/comments?post=16529"}],"version-history":[{"count":1,"href":"https:\/\/eliteperfumeshop.com\/es\/wp-json\/wp\/v2\/product\/16529\/revisions"}],"predecessor-version":[{"id":16551,"href":"https:\/\/eliteperfumeshop.com\/es\/wp-json\/wp\/v2\/product\/16529\/revisions\/16551"}],"wp:featuredmedia":[{"embeddable":true,"href":"https:\/\/eliteperfumeshop.com\/es\/wp-json\/wp\/v2\/media\/16550"}],"wp:attachment":[{"href":"https:\/\/eliteperfumeshop.com\/es\/wp-json\/wp\/v2\/media?parent=16529"}],"wp:term":[{"taxonomy":"product_brand","embeddable":true,"href":"https:\/\/eliteperfumeshop.com\/es\/wp-json\/wp\/v2\/product_brand?post=16529"},{"taxonomy":"product_cat","embeddable":true,"href":"https:\/\/eliteperfumeshop.com\/es\/wp-json\/wp\/v2\/product_cat?post=16529"},{"taxonomy":"product_tag","embeddable":true,"href":"https:\/\/eliteperfumeshop.com\/es\/wp-json\/wp\/v2\/product_tag?post=16529"}],"curies":[{"name":"wp","href":"https:\/\/api.w.org\/{rel}","templated":true}]}}