{"id":16458,"date":"2026-03-17T07:29:54","date_gmt":"2026-03-17T07:29:54","guid":{"rendered":"https:\/\/eliteperfumeshop.com\/?post_type=product&#038;p=16458"},"modified":"2026-03-17T07:30:06","modified_gmt":"2026-03-17T07:30:06","slug":"happy-cologne","status":"publish","type":"product","link":"https:\/\/eliteperfumeshop.com\/de\/produkt\/happy-cologne\/","title":{"rendered":"Happy Cologne"},"content":{"rendered":"<h2>About Happy<\/h2>\n<p>Clinique Happy for Men is a citrus aromatic fragrance for men that hit the market in 1999. A bright and aromatic citrus floral fragrance, Happy cologne is uplifting, charming and cheerful, the perfect fragrance to wear so you can feel happy, featuring a composition of sea notes and green notes mixed with citrus and rich florals.<\/p>\n<h4>Parf\u00fcm-Familie:<\/h4>\n<p>Citrus, floral<\/p>\n<h4>Duft-Typ:<\/h4>\n<p>Fruity, green, sharp, aromatic, marine, orange, clean, fresh<\/p>\n<h4>Anmerkungen:<\/h4>\n<p>Clinique Happy for Men cologne spray features prominent citrus top notes of pink grapefruit and mandarin orange as well as a sea notes. This refreshing scent has middle notes of freesia, jasmine, lily-of-the-valley and rose, providing soft, clean and soapy qualities. The base composition is woody, smooth and slightly spicy with cypress, musk, guaiac wood and cedar.<\/p>\n<h4>Empfohlene Verwendung<\/h4>\n<p>F\u00fcr einen lang anhaltenden Duft, den Sie den ganzen Tag \u00fcber tragen k\u00f6nnen, und um die Notwendigkeit des erneuten Auftragens zu minimieren, konzentrieren Sie sich auf Ihre Pulspunkte hinter den Ohren, im Nacken und an den Handgelenken sowie auf w\u00e4rmere K\u00f6rperstellen wie die Kniekehlen und die Innenseite der Ellenbogen. Dies sind die besten Stellen, um Ihr Parf\u00fcm aufzutragen, da sich der Duft durch die W\u00e4rme Ihres K\u00f6rpers intensiviert.<\/p>","protected":false},"excerpt":{"rendered":"<h2>About Happy<\/h2>\n<p>Clinique Happy for Men is a citrus aromatic fragrance for men that hit the market in 1999. A bright and aromatic citrus floral fragrance, Happy cologne is uplifting, charming and cheerful, the perfect fragrance to wear so you can feel happy, featuring a composition of sea notes and green notes mixed with citrus and rich florals.<\/p>","protected":false},"featured_media":16507,"comment_status":"closed","ping_status":"closed","template":"","meta":[],"product_brand":[],"product_cat":[75],"product_tag":[],"class_list":{"0":"post-16458","1":"product","2":"type-product","3":"status-publish","4":"has-post-thumbnail","6":"product_cat-mens-cologne","8":"first","9":"instock","10":"sale","11":"shipping-taxable","12":"purchasable","13":"product-type-simple"},"_links":{"self":[{"href":"https:\/\/eliteperfumeshop.com\/de\/wp-json\/wp\/v2\/product\/16458","targetHints":{"allow":["GET"]}}],"collection":[{"href":"https:\/\/eliteperfumeshop.com\/de\/wp-json\/wp\/v2\/product"}],"about":[{"href":"https:\/\/eliteperfumeshop.com\/de\/wp-json\/wp\/v2\/types\/product"}],"replies":[{"embeddable":true,"href":"https:\/\/eliteperfumeshop.com\/de\/wp-json\/wp\/v2\/comments?post=16458"}],"version-history":[{"count":1,"href":"https:\/\/eliteperfumeshop.com\/de\/wp-json\/wp\/v2\/product\/16458\/revisions"}],"predecessor-version":[{"id":16508,"href":"https:\/\/eliteperfumeshop.com\/de\/wp-json\/wp\/v2\/product\/16458\/revisions\/16508"}],"wp:featuredmedia":[{"embeddable":true,"href":"https:\/\/eliteperfumeshop.com\/de\/wp-json\/wp\/v2\/media\/16507"}],"wp:attachment":[{"href":"https:\/\/eliteperfumeshop.com\/de\/wp-json\/wp\/v2\/media?parent=16458"}],"wp:term":[{"taxonomy":"product_brand","embeddable":true,"href":"https:\/\/eliteperfumeshop.com\/de\/wp-json\/wp\/v2\/product_brand?post=16458"},{"taxonomy":"product_cat","embeddable":true,"href":"https:\/\/eliteperfumeshop.com\/de\/wp-json\/wp\/v2\/product_cat?post=16458"},{"taxonomy":"product_tag","embeddable":true,"href":"https:\/\/eliteperfumeshop.com\/de\/wp-json\/wp\/v2\/product_tag?post=16458"}],"curies":[{"name":"wp","href":"https:\/\/api.w.org\/{rel}","templated":true}]}}