{"id":16454,"date":"2026-03-17T07:29:53","date_gmt":"2026-03-17T07:29:53","guid":{"rendered":"https:\/\/eliteperfumeshop.com\/?post_type=product&#038;p=16454"},"modified":"2026-03-17T07:30:04","modified_gmt":"2026-03-17T07:30:04","slug":"aramis-cologne","status":"publish","type":"product","link":"https:\/\/eliteperfumeshop.com\/de\/produkt\/aramis-cologne\/","title":{"rendered":"Aramis K\u00f6ln"},"content":{"rendered":"<h2>About Aramis<\/h2>\n<p>Aramis Cologne for men by Aramis is an aromatic woody fragrance for men that was first released in 1966. This memorable, masculine fragrance was designed by perfumer Bernard Chant. With rugged leather and woody accords throughout the formula, it\u2019s no wonder this scent has remained a classic.<\/p>\n<h4>Parf\u00fcm-Familie:<\/h4>\n<p>Woody<\/p>\n<h4>Duft-Typ:<\/h4>\n<p>Aromatic, chypre, leathery, warm spicy, amber<\/p>\n<h4>Anmerkungen:<\/h4>\n<p>For decades, Aramis cologne has remained an iconic fragrance for men. The scent harbors unforgettable aromatic accords of fresh, earthy florals and herbs. The sharp opening settles into a warm base of woods and amber with a dominant, indelible leather note.<\/p>\n<h4>Empfohlene Verwendung<\/h4>\n<p>F\u00fcr einen lang anhaltenden Duft, den Sie den ganzen Tag \u00fcber tragen k\u00f6nnen, und um die Notwendigkeit des erneuten Auftragens zu minimieren, konzentrieren Sie sich auf Ihre Pulspunkte hinter den Ohren, im Nacken und an den Handgelenken sowie auf w\u00e4rmere K\u00f6rperstellen wie die Kniekehlen und die Innenseite der Ellenbogen. Dies sind die besten Stellen, um Ihr Parf\u00fcm aufzutragen, da sich der Duft durch die W\u00e4rme Ihres K\u00f6rpers intensiviert.<\/p>","protected":false},"excerpt":{"rendered":"<h2>About Aramis<\/h2>\n<p>Aramis Cologne for men by Aramis is an aromatic woody fragrance for men that was first released in 1966. This memorable, masculine fragrance was designed by perfumer Bernard Chant. With rugged leather and woody accords throughout the formula, it\u2019s no wonder this scent has remained a classic.<\/p>","protected":false},"featured_media":16499,"comment_status":"closed","ping_status":"closed","template":"","meta":[],"product_brand":[],"product_cat":[75],"product_tag":[],"class_list":{"0":"post-16454","1":"product","2":"type-product","3":"status-publish","4":"has-post-thumbnail","6":"product_cat-mens-cologne","8":"first","9":"instock","10":"sale","11":"shipping-taxable","12":"purchasable","13":"product-type-simple"},"_links":{"self":[{"href":"https:\/\/eliteperfumeshop.com\/de\/wp-json\/wp\/v2\/product\/16454","targetHints":{"allow":["GET"]}}],"collection":[{"href":"https:\/\/eliteperfumeshop.com\/de\/wp-json\/wp\/v2\/product"}],"about":[{"href":"https:\/\/eliteperfumeshop.com\/de\/wp-json\/wp\/v2\/types\/product"}],"replies":[{"embeddable":true,"href":"https:\/\/eliteperfumeshop.com\/de\/wp-json\/wp\/v2\/comments?post=16454"}],"version-history":[{"count":1,"href":"https:\/\/eliteperfumeshop.com\/de\/wp-json\/wp\/v2\/product\/16454\/revisions"}],"predecessor-version":[{"id":16500,"href":"https:\/\/eliteperfumeshop.com\/de\/wp-json\/wp\/v2\/product\/16454\/revisions\/16500"}],"wp:featuredmedia":[{"embeddable":true,"href":"https:\/\/eliteperfumeshop.com\/de\/wp-json\/wp\/v2\/media\/16499"}],"wp:attachment":[{"href":"https:\/\/eliteperfumeshop.com\/de\/wp-json\/wp\/v2\/media?parent=16454"}],"wp:term":[{"taxonomy":"product_brand","embeddable":true,"href":"https:\/\/eliteperfumeshop.com\/de\/wp-json\/wp\/v2\/product_brand?post=16454"},{"taxonomy":"product_cat","embeddable":true,"href":"https:\/\/eliteperfumeshop.com\/de\/wp-json\/wp\/v2\/product_cat?post=16454"},{"taxonomy":"product_tag","embeddable":true,"href":"https:\/\/eliteperfumeshop.com\/de\/wp-json\/wp\/v2\/product_tag?post=16454"}],"curies":[{"name":"wp","href":"https:\/\/api.w.org\/{rel}","templated":true}]}}