{"id":16453,"date":"2026-03-17T07:29:53","date_gmt":"2026-03-17T07:29:53","guid":{"rendered":"https:\/\/eliteperfumeshop.com\/?post_type=product&#038;p=16453"},"modified":"2026-03-17T07:30:03","modified_gmt":"2026-03-17T07:30:03","slug":"acqua-di-gio-koln","status":"publish","type":"product","link":"https:\/\/eliteperfumeshop.com\/de\/produkt\/acqua-di-gio-koln\/","title":{"rendered":"Acqua Di Gio K\u00f6ln"},"content":{"rendered":"<h2>\u00dcber Acqua Di Gio<\/h2>\n<p>Das 1995 von der Modeschmiede <a href=\"https:\/\/perfumeatuse.com\/product\/acqua-di-gio-cologne\/\" target=\"_blank\" rel=\"noopener\">Giorgio Armani, Acqua Di Gio K\u00f6ln<\/a> ist ein herrlich erfrischender, aromatischer, aquatischer Duft. Mit einem Hauch von Acqua Di Gio werden Sie denken, Sie h\u00e4tten gerade <a href=\"http:\/\/google.com\" target=\"_blank\" rel=\"noopener\">aufgetaucht<\/a> von einem k\u00fchlen Bad im blauen Ozean mit frischem Tau, der leicht auf der Haut liegt. Der urspr\u00fcngliche Duft von <a href=\"https:\/\/perfumeatuse.com\/product\/acqua-di-gio-cologne\/\" target=\"_blank\" rel=\"noopener\">Acqua Di Gio K\u00f6ln<\/a> hat sich im Laufe der Zeit bew\u00e4hrt und besticht durch seine intensive und zugleich einladende Komposition. Sie erinnert an das faszinierende Zusammenspiel <a href=\"https:\/\/perfumeatuse.com\/product\/acqua-di-gio-cologne\/\" target=\"_blank\" rel=\"noopener\">zwischen Wasser und<\/a> Land, wo sich die salzige Brise mit \u00fcppigem Gr\u00fcn vermischt. Dieser sinnliche Duft hinterl\u00e4sst einen bleibenden Eindruck, denn seine interessante Mischung aus Meeresnoten und aromatischen Elementen schafft ein harmonisches und fesselndes Erlebnis f\u00fcr die Sinne.<\/p>\n<h4>Parf\u00fcm-Familie:<\/h4>\n<p>Zedernholz<\/p>\n<h4>Duft-Typ:<\/h4>\n<p>Zitrusfr\u00fcchte, maritim, frisch<\/p>\n<h4>Anmerkungen:<\/h4>\n<p>Sie werden von frischen, koketten Kopfnoten aus Limette, Zitrone, Bergamotte, Jasmin, Orange, Mandarine und Neroli begr\u00fc\u00dft, gefolgt von saftigen Mittelnoten aus Pfirsich, Freesie, Rosmarin, Veilchen, Rose und Muskatnuss. Die Basisnote dieses leichten und dennoch maskulinen Duftes besteht aus wei\u00dfem Moschus, Zedernholz, Eichenmoos, Patchouli und Amber und bildet eine erdige Grundlage. Diese Duftnoten vermischen sich auf wunderbare Weise zu einem frischen, maskulinen Duft, der die Sinne bet\u00f6rt und erfreut.<\/p>\n<h4>Empfohlene Verwendung<\/h4>\n<p>F\u00fcr einen lang anhaltenden Duft, den Sie den ganzen Tag \u00fcber tragen k\u00f6nnen, und um die Notwendigkeit des erneuten Auftragens zu minimieren, konzentrieren Sie sich auf Ihre Pulspunkte hinter den Ohren, im Nacken und an den Handgelenken sowie auf w\u00e4rmere K\u00f6rperstellen wie die Kniekehlen und die Innenseite der Ellenbogen. Dies sind die besten Stellen, um Ihr Parf\u00fcm aufzutragen, da sich der Duft durch die W\u00e4rme Ihres K\u00f6rpers intensiviert.<\/p>","protected":false},"excerpt":{"rendered":"<h2>\u00dcber Acqua Di Gio<\/h2>\n<p>Launched in 1995 by fashion powerhouse Giorgio Armani, Acqua Di Gio Cologne is a delightfully refreshing aromatic aquatic scent. With one whiff of Acqua Di Gio, you\u2019ll think you\u2019ve just emerged from a cool swim in blue ocean waters with fresh dew clinging lightly to your skin. The original scent of Acqua Di Gio Cologne has stood the test of time, captivating wearers with its intense yet inviting composition. It reminds one of the intriguing interplay between water and land, where the salty breeze mingles with lush greenery. This sensual fragrance leaves a lasting impression, as its interesting blend of sea notes and aromatic elements creates a harmonious and captivating experience for the senses.<\/p>","protected":false},"featured_media":16497,"comment_status":"closed","ping_status":"closed","template":"","meta":[],"product_brand":[],"product_cat":[75],"product_tag":[],"class_list":{"0":"post-16453","1":"product","2":"type-product","3":"status-publish","4":"has-post-thumbnail","6":"product_cat-mens-cologne","8":"first","9":"instock","10":"sale","11":"shipping-taxable","12":"purchasable","13":"product-type-simple"},"_links":{"self":[{"href":"https:\/\/eliteperfumeshop.com\/de\/wp-json\/wp\/v2\/product\/16453","targetHints":{"allow":["GET"]}}],"collection":[{"href":"https:\/\/eliteperfumeshop.com\/de\/wp-json\/wp\/v2\/product"}],"about":[{"href":"https:\/\/eliteperfumeshop.com\/de\/wp-json\/wp\/v2\/types\/product"}],"replies":[{"embeddable":true,"href":"https:\/\/eliteperfumeshop.com\/de\/wp-json\/wp\/v2\/comments?post=16453"}],"version-history":[{"count":1,"href":"https:\/\/eliteperfumeshop.com\/de\/wp-json\/wp\/v2\/product\/16453\/revisions"}],"predecessor-version":[{"id":16498,"href":"https:\/\/eliteperfumeshop.com\/de\/wp-json\/wp\/v2\/product\/16453\/revisions\/16498"}],"wp:featuredmedia":[{"embeddable":true,"href":"https:\/\/eliteperfumeshop.com\/de\/wp-json\/wp\/v2\/media\/16497"}],"wp:attachment":[{"href":"https:\/\/eliteperfumeshop.com\/de\/wp-json\/wp\/v2\/media?parent=16453"}],"wp:term":[{"taxonomy":"product_brand","embeddable":true,"href":"https:\/\/eliteperfumeshop.com\/de\/wp-json\/wp\/v2\/product_brand?post=16453"},{"taxonomy":"product_cat","embeddable":true,"href":"https:\/\/eliteperfumeshop.com\/de\/wp-json\/wp\/v2\/product_cat?post=16453"},{"taxonomy":"product_tag","embeddable":true,"href":"https:\/\/eliteperfumeshop.com\/de\/wp-json\/wp\/v2\/product_tag?post=16453"}],"curies":[{"name":"wp","href":"https:\/\/api.w.org\/{rel}","templated":true}]}}