{"id":16451,"date":"2026-03-17T07:29:53","date_gmt":"2026-03-17T07:29:53","guid":{"rendered":"https:\/\/eliteperfumeshop.com\/?post_type=product&#038;p=16451"},"modified":"2026-03-17T07:30:02","modified_gmt":"2026-03-17T07:30:02","slug":"leau-dissey-issey-miyake-perfume","status":"publish","type":"product","link":"https:\/\/eliteperfumeshop.com\/de\/produkt\/leau-dissey-issey-miyake-perfume\/","title":{"rendered":"L\u2019eau D\u2019issey (issey Miyake) Perfume"},"content":{"rendered":"<h2>About L\u2019EAU D\u2019ISSEY (issey Miyake)<\/h2>\n<p>L\u2019eau D\u2019issey perfume by Issey Miyake is floral fresh fragrance for women that was launched in 1992 behind the nose of perfumer Jacques Cavallier. L\u2019eau D\u2019issey perfume makes you feel like you\u2019re out on a lake in spring surrounded by a redolent forest filled with fresh, fragrant blossoms and fruits ripe for picking.<\/p>\n<h4>Parf\u00fcm-Familie:<\/h4>\n<p>Floral, aquatic<\/p>\n<h4>Duft-Typ:<\/h4>\n<p>Fresh, ozonic, white floral<\/p>\n<h4>Anmerkungen:<\/h4>\n<p>L\u2019eau D\u2019issey is a perfume that hits you with a fresh layer bursting with sweet head notes of lotus, melon, freesia, rose water, rose, calone and cyclamen. This optimistic top layer eventually melds into a middle floral layer that includes notes of lily-of-the-valley, lily, water peony and carnation. Anchoring these uplifting top and middle layers is a sensual base of musk, tuberose, exotic woods, osmanthus, cedar, sandalwood and amber.<\/p>\n<h4>Empfohlene Verwendung<\/h4>\n<p>F\u00fcr einen lang anhaltenden Duft, den Sie den ganzen Tag \u00fcber tragen k\u00f6nnen, und um die Notwendigkeit des erneuten Auftragens zu minimieren, konzentrieren Sie sich auf Ihre Pulspunkte hinter den Ohren, im Nacken und an den Handgelenken sowie auf w\u00e4rmere K\u00f6rperstellen wie die Kniekehlen und die Innenseite der Ellenbogen. Dies sind die besten Stellen, um Ihr Parf\u00fcm aufzutragen, da sich der Duft durch die W\u00e4rme Ihres K\u00f6rpers intensiviert.<\/p>","protected":false},"excerpt":{"rendered":"<p>L\u2019eau D\u2019issey perfume by Issey Miyake is floral fresh fragrance for women that was launched in 1992 behind the nose of perfumer Jacques Cavallier. L\u2019eau D\u2019issey perfume makes you feel like you\u2019re out on a lake in spring surrounded by a redolent forest filled with fresh, fragrant blossoms and fruits ripe for picking.<\/p>","protected":false},"featured_media":16493,"comment_status":"closed","ping_status":"closed","template":"","meta":[],"product_brand":[],"product_cat":[73],"product_tag":[],"class_list":{"0":"post-16451","1":"product","2":"type-product","3":"status-publish","4":"has-post-thumbnail","6":"product_cat-womens-perfume","8":"first","9":"instock","10":"sale","11":"shipping-taxable","12":"purchasable","13":"product-type-simple"},"_links":{"self":[{"href":"https:\/\/eliteperfumeshop.com\/de\/wp-json\/wp\/v2\/product\/16451","targetHints":{"allow":["GET"]}}],"collection":[{"href":"https:\/\/eliteperfumeshop.com\/de\/wp-json\/wp\/v2\/product"}],"about":[{"href":"https:\/\/eliteperfumeshop.com\/de\/wp-json\/wp\/v2\/types\/product"}],"replies":[{"embeddable":true,"href":"https:\/\/eliteperfumeshop.com\/de\/wp-json\/wp\/v2\/comments?post=16451"}],"version-history":[{"count":1,"href":"https:\/\/eliteperfumeshop.com\/de\/wp-json\/wp\/v2\/product\/16451\/revisions"}],"predecessor-version":[{"id":16494,"href":"https:\/\/eliteperfumeshop.com\/de\/wp-json\/wp\/v2\/product\/16451\/revisions\/16494"}],"wp:featuredmedia":[{"embeddable":true,"href":"https:\/\/eliteperfumeshop.com\/de\/wp-json\/wp\/v2\/media\/16493"}],"wp:attachment":[{"href":"https:\/\/eliteperfumeshop.com\/de\/wp-json\/wp\/v2\/media?parent=16451"}],"wp:term":[{"taxonomy":"product_brand","embeddable":true,"href":"https:\/\/eliteperfumeshop.com\/de\/wp-json\/wp\/v2\/product_brand?post=16451"},{"taxonomy":"product_cat","embeddable":true,"href":"https:\/\/eliteperfumeshop.com\/de\/wp-json\/wp\/v2\/product_cat?post=16451"},{"taxonomy":"product_tag","embeddable":true,"href":"https:\/\/eliteperfumeshop.com\/de\/wp-json\/wp\/v2\/product_tag?post=16451"}],"curies":[{"name":"wp","href":"https:\/\/api.w.org\/{rel}","templated":true}]}}