{"id":171,"date":"2024-10-25T11:14:50","date_gmt":"2024-10-25T11:14:50","guid":{"rendered":"https:\/\/dummy.xtemos.com\/woodmart2\/makeup-elementor\/?page_id=171"},"modified":"2026-03-17T11:49:38","modified_gmt":"2026-03-17T11:49:38","slug":"uber-uns","status":"publish","type":"page","link":"https:\/\/eliteperfumeshop.com\/de\/uber-uns\/","title":{"rendered":"\u00dcber uns"},"content":{"rendered":"<div data-elementor-type=\"wp-page\" data-elementor-id=\"171\" class=\"elementor elementor-171\">\n\t\t\t\t<div class=\"wd-negative-gap elementor-element elementor-element-2bf9e11 wd-collapsible-content e-flex e-con-boxed e-con e-parent\" data-id=\"2bf9e11\" data-element_type=\"container\" data-e-type=\"container\">\n\t\t\t\t\t<div class=\"e-con-inner\">\n\t\t\t\t<div class=\"elementor-element elementor-element-5472f22 wd-width-100 elementor-widget elementor-widget-wd_title\" data-id=\"5472f22\" data-element_type=\"widget\" data-e-type=\"widget\" data-widget_type=\"wd_title.default\">\n\t\t\t\t<div class=\"elementor-widget-container\">\n\t\t\t\t\t\t\t<div class=\"title-wrapper wd-set-mb reset-last-child wd-title-color-default wd-title-style-default wd-title-size-default text-left\">\n\n\t\t\t\n\t\t\t<div class=\"liner-continer\">\n\t\t\t\t<h4 class=\"woodmart-title-container title wd-fontsize-l\">\u00dcber uns - ElitePerfumeShop.com<\/h4> \n\t\t\t\t\t\t\t<\/div>\n\n\t\t\t\t\t<\/div>\n\t\t\t\t\t\t<\/div>\n\t\t\t\t<\/div>\n\t\t\t\t<div class=\"elementor-element elementor-element-5dcf304 elementor-widget elementor-widget-wd_text_block\" data-id=\"5dcf304\" data-element_type=\"widget\" data-e-type=\"widget\" data-widget_type=\"wd_text_block.default\">\n\t\t\t\t<div class=\"elementor-widget-container\">\n\t\t\t\t\t\t\t<div class=\"wd-text-block reset-last-child text-left\">\n\t\t\t\n\t\t\t<p data-start=\"243\" data-end=\"543\">Willkommen bei <strong data-start=\"254\" data-end=\"278\">ElitePerfumeShop.com<\/strong>, Ihr vertrauensw\u00fcrdiges Ziel f\u00fcr <strong data-start=\"309\" data-end=\"381\">Luxusparf\u00fcms, authentische Designerd\u00fcfte und hochwertige Parf\u00fcms<\/strong>. Unsere Mission ist einfach: Wir wollen Parf\u00fcmliebhabern auf der ganzen Welt hochwertige D\u00fcfte zug\u00e4nglich machen und gleichzeitig ein au\u00dfergew\u00f6hnliches Online-Einkaufserlebnis bieten.<\/p><p data-start=\"545\" data-end=\"889\">Bei Elite Perfume Shop glauben wir, dass Parf\u00fcm mehr als nur ein Duft ist - es ist ein Spiegelbild von Pers\u00f6nlichkeit, Stil und unvergesslichen Momenten. Ganz gleich, ob Sie auf der Suche nach einem zeitlosen Designer-Parf\u00fcm, einem raffinierten Nischenduft oder einem einzigartigen Signaturduft sind, in unserer sorgf\u00e4ltig zusammengestellten Kollektion werden Sie garantiert etwas ganz Besonderes finden.<\/p><hr data-start=\"891\" data-end=\"894\" \/><h1 data-start=\"896\" data-end=\"931\">Unsere Leidenschaft f\u00fcr Luxusd\u00fcfte<\/h1><p data-start=\"933\" data-end=\"1179\">ElitePerfumeShop.com wurde f\u00fcr Menschen geschaffen, die die Kunst der feinen D\u00fcfte sch\u00e4tzen. Wir sind leidenschaftlich \u00fcber die Bereitstellung <strong data-start=\"1053\" data-end=\"1082\">authentische Parfums online<\/strong>, und bietet eine breite Palette an D\u00fcften von weltweit anerkannten Marken und renommierten Parf\u00fcmherstellern.<\/p><p data-start=\"1181\" data-end=\"1213\">Unsere Parf\u00fcmkollektion umfasst:<\/p><ul data-start=\"1215\" data-end=\"1374\"><li data-start=\"1215\" data-end=\"1244\"><p data-start=\"1217\" data-end=\"1244\">Luxusparf\u00fcms f\u00fcr Frauen<\/p><\/li><li data-start=\"1245\" data-end=\"1273\"><p data-start=\"1247\" data-end=\"1273\">Hochwertige Parf\u00fcms f\u00fcr M\u00e4nner<\/p><\/li><li data-start=\"1274\" data-end=\"1295\"><p data-start=\"1276\" data-end=\"1295\">Unisex-D\u00fcfte<\/p><\/li><li data-start=\"1296\" data-end=\"1323\"><p data-start=\"1298\" data-end=\"1323\">Nischen- und seltene Parfums<\/p><\/li><li data-start=\"1324\" data-end=\"1374\"><p data-start=\"1326\" data-end=\"1374\">Lang anhaltendes Eau de Parfum und Eau de Toilette<\/p><\/li><\/ul><p data-start=\"1376\" data-end=\"1473\">Jeder Duft wird so ausgew\u00e4hlt, dass er unseren hohen Anforderungen an <strong data-start=\"1433\" data-end=\"1472\">Qualit\u00e4t, Authentizit\u00e4t und Eleganz<\/strong>.<\/p><hr data-start=\"1475\" data-end=\"1478\" \/><h1 data-start=\"1480\" data-end=\"1512\">Unser Bekenntnis zur Authentizit\u00e4t<\/h1><p data-start=\"1514\" data-end=\"1697\">Bei Elite Perfume Shop steht die Authentizit\u00e4t im Mittelpunkt unseres Handelns. Wir arbeiten mit vertrauensw\u00fcrdigen Lieferanten zusammen, um sicherzustellen, dass jedes Produkt, das wir anbieten, ein <strong data-start=\"1661\" data-end=\"1696\">100% echter Designerduft<\/strong>.<\/p><p data-start=\"1699\" data-end=\"1737\">Wenn Sie bei uns einkaufen, k\u00f6nnen Sie Folgendes erwarten:<\/p><ul data-start=\"1739\" data-end=\"1881\"><li data-start=\"1739\" data-end=\"1770\"><p data-start=\"1741\" data-end=\"1770\">Authentische Designer-Parfums<\/p><\/li><li data-start=\"1771\" data-end=\"1810\"><p data-start=\"1773\" data-end=\"1810\">Sorgf\u00e4ltig ausgesuchte Luxusd\u00fcfte<\/p><\/li><li data-start=\"1811\" data-end=\"1850\"><p data-start=\"1813\" data-end=\"1850\">Sicheres und zuverl\u00e4ssiges Online-Shopping<\/p><\/li><li data-start=\"1851\" data-end=\"1881\"><p data-start=\"1853\" data-end=\"1881\">Ausgezeichnete Kundenbetreuung<\/p><\/li><\/ul><p data-start=\"1883\" data-end=\"2015\">Unser Ziel ist es, ein Gesch\u00e4ft aufzubauen, in dem die Kunden mit Zuversicht <strong data-start=\"1944\" data-end=\"1967\">Parf\u00fcms online kaufen<\/strong> ohne sich Gedanken \u00fcber Qualit\u00e4t oder Authentizit\u00e4t zu machen.<\/p><hr data-start=\"2017\" data-end=\"2020\" \/><h1 data-start=\"2022\" data-end=\"2069\">Eine Parf\u00fcmerie f\u00fcr Parf\u00fcmliebhaber<\/h1><p data-start=\"2071\" data-end=\"2346\">Wir haben ElitePerfumeShop.com entwickelt, um die Entdeckung neuer D\u00fcfte einfach und angenehm zu machen. Ob Sie bevorzugen <strong data-start=\"2178\" data-end=\"2263\">frische Zitrusd\u00fcfte, blumige Parf\u00fcms, holzige Eau de Cologne oder reichhaltige orientalische D\u00fcfte<\/strong>, Auf unserer Plattform k\u00f6nnen Sie Parfums nach Kategorie, Marke oder Duftprofil suchen.<\/p><p data-start=\"2348\" data-end=\"2481\">Von allt\u00e4glichen D\u00fcften bis hin zu D\u00fcften f\u00fcr besondere Anl\u00e4sse - wir wollen eine <strong data-start=\"2421\" data-end=\"2461\">Komplettes Parf\u00fcm-Einkaufserlebnis<\/strong> f\u00fcr jeden Kunden.<\/p><hr data-start=\"2483\" data-end=\"2486\" \/><h1 data-start=\"2488\" data-end=\"2521\">Warum ElitePerfumeShop.com w\u00e4hlen?<\/h1><p data-start=\"2523\" data-end=\"2621\">Kunden entscheiden sich f\u00fcr Elite Perfume Shop, weil wir auf Qualit\u00e4t, Vertrauen und Kundenzufriedenheit setzen.<\/p><p data-start=\"2623\" data-end=\"2646\">Unsere Vorteile sind:<\/p><ul data-start=\"2648\" data-end=\"2821\"><li data-start=\"2648\" data-end=\"2694\"><p data-start=\"2650\" data-end=\"2694\">Eine gro\u00dfe Auswahl an Luxusparf\u00fcms online<\/p><\/li><li data-start=\"2695\" data-end=\"2728\"><p data-start=\"2697\" data-end=\"2728\">Authentische Designerd\u00fcfte<\/p><\/li><li data-start=\"2729\" data-end=\"2759\"><p data-start=\"2731\" data-end=\"2759\">G\u00fcnstige Parf\u00fcmpreise<\/p><\/li><li data-start=\"2760\" data-end=\"2786\"><p data-start=\"2762\" data-end=\"2786\">Sichere Online-Kasse<\/p><\/li><li data-start=\"2787\" data-end=\"2821\"><p data-start=\"2789\" data-end=\"2821\">Zuverl\u00e4ssiger Versand und Lieferung<\/p><\/li><\/ul><p data-start=\"2823\" data-end=\"2941\">Wir sind bestrebt, unseren Kunden zu helfen <strong data-start=\"2865\" data-end=\"2940\">den perfekten Duft zu finden, der zu ihrer Pers\u00f6nlichkeit und ihrem Lebensstil passt<\/strong>.<\/p><hr data-start=\"2943\" data-end=\"2946\" \/><h1 data-start=\"2948\" data-end=\"2960\">Unsere Vision<\/h1><p data-start=\"2962\" data-end=\"3128\">Unsere Vision ist es, eine f\u00fchrende Destination zu werden f\u00fcr <strong data-start=\"3012\" data-end=\"3039\">hochwertige Parfums online<\/strong>, und verbindet Duftliebhaber mit einigen der besten D\u00fcfte der Welt.<\/p><p data-start=\"3130\" data-end=\"3305\">Wir erweitern st\u00e4ndig unsere Parf\u00fcmkollektion, verbessern unseren Service und bieten ein Einkaufserlebnis, das die Eleganz und Raffinesse der von uns angebotenen D\u00fcfte widerspiegelt.<\/p><hr data-start=\"3307\" data-end=\"3310\" \/><h1 data-start=\"3312\" data-end=\"3343\">Entdecken Sie Ihren Signaturduft<\/h1><p data-start=\"3345\" data-end=\"3486\">Unter <strong data-start=\"3348\" data-end=\"3372\">ElitePerfumeShop.com<\/strong>, laden wir Sie dazu ein, unsere wachsende Sammlung von <strong data-start=\"3425\" data-end=\"3485\">Luxusparf\u00fcms, Designer-Colognes und Nischend\u00fcfte<\/strong>.<\/p><p data-start=\"3488\" data-end=\"3674\">Ganz gleich, ob Sie einen Duft f\u00fcr sich selbst kaufen oder das perfekte Geschenk suchen, wir helfen Ihnen, D\u00fcfte zu entdecken, die Vertrauen, Eleganz und bleibende Eindr\u00fccke vermitteln.<\/p><p data-start=\"3676\" data-end=\"3775\">Erleben Sie die Welt der feinen D\u00fcfte mit <strong data-start=\"3720\" data-end=\"3742\">Elite Parf\u00fcm Shop<\/strong>-... wo Luxus auf Authentizit\u00e4t trifft.<\/p>\n\t\t\t\t\t<\/div>\n\t\t\t\t\t\t<\/div>\n\t\t\t\t<\/div>\n\t\t\t\t<div class=\"elementor-element elementor-element-c051139 elementor-widget elementor-widget-wd_button\" data-id=\"c051139\" data-element_type=\"widget\" data-e-type=\"widget\" data-widget_type=\"wd_button.default\">\n\t\t\t\t<div class=\"elementor-widget-container\">\n\t\t\t\t\t\t\t<div class=\"wd-button-wrapper text-left wd-collapsible-button\" >\n\t\t\t<a class=\"btn btn-style-default btn-shape-round btn-size-default btn-color-white btn-icon-pos-right\"  href=\"#\">\n\t\t\t\t<span class=\"wd-btn-text\" data-elementor-setting-key=\"text\">\n\t\t\t\t\tMehr lesen\t\t\t\t<\/span>\n\n\t\t\t\t\t\t\t\t\t<span class=\"wd-btn-icon\">\n\t\t\t\t\t\t<img decoding=\"async\"  src=\"https:\/\/eliteperfumeshop.com\/wp-content\/uploads\/2024\/10\/chevron-down-black.svg\" title=\"Chevron-Down-Schwarz\" loading=\"lazy\" width=\"15\" height=\"15\">\t\t\t\t\t<\/span>\n\t\t\t\t\t\t\t<\/a>\n\t\t<\/div>\n\t\t\t\t\t\t<\/div>\n\t\t\t\t<\/div>\n\t\t\t\t\t<\/div>\n\t\t\t\t<\/div>\n\t\t\t\t<\/div>","protected":false},"excerpt":{"rendered":"<p>About Us \u2013 ElitePerfumeShop.com Welcome to ElitePerfumeShop.com, your trusted destination for luxury perfumes, authentic designer fragrances, and premium colognes. Our<\/p>","protected":false},"author":1,"featured_media":0,"parent":0,"menu_order":0,"comment_status":"closed","ping_status":"closed","template":"","meta":{"footnotes":""},"class_list":["post-171","page","type-page","status-publish","hentry"],"_hostinger_reach_plugin_has_subscription_block":false,"_hostinger_reach_plugin_is_elementor":false,"_links":{"self":[{"href":"https:\/\/eliteperfumeshop.com\/de\/wp-json\/wp\/v2\/pages\/171","targetHints":{"allow":["GET"]}}],"collection":[{"href":"https:\/\/eliteperfumeshop.com\/de\/wp-json\/wp\/v2\/pages"}],"about":[{"href":"https:\/\/eliteperfumeshop.com\/de\/wp-json\/wp\/v2\/types\/page"}],"author":[{"embeddable":true,"href":"https:\/\/eliteperfumeshop.com\/de\/wp-json\/wp\/v2\/users\/1"}],"replies":[{"embeddable":true,"href":"https:\/\/eliteperfumeshop.com\/de\/wp-json\/wp\/v2\/comments?post=171"}],"version-history":[{"count":3,"href":"https:\/\/eliteperfumeshop.com\/de\/wp-json\/wp\/v2\/pages\/171\/revisions"}],"predecessor-version":[{"id":16603,"href":"https:\/\/eliteperfumeshop.com\/de\/wp-json\/wp\/v2\/pages\/171\/revisions\/16603"}],"wp:attachment":[{"href":"https:\/\/eliteperfumeshop.com\/de\/wp-json\/wp\/v2\/media?parent=171"}],"curies":[{"name":"wp","href":"https:\/\/api.w.org\/{rel}","templated":true}]}}